{"id":9,"date":"2025-02-10T10:53:25","date_gmt":"2025-02-10T09:53:25","guid":{"rendered":"https:\/\/lebistrotchouette.fr\/?page_id=9"},"modified":"2025-11-24T15:02:39","modified_gmt":"2025-11-24T14:02:39","slug":"reserver","status":"publish","type":"page","link":"https:\/\/lebistrotchouette.fr\/?page_id=9","title":{"rendered":"R\u00e9server un bon moment."},"content":{"rendered":"\n<p class=\"has-text-align-left\"><strong>R\u00e9servez votre table au Bistrot Chouette<\/strong> :<\/p>\n\n\n\n<p>Envie de partager un moment gourmand dans un cadre chaleureux ? <\/p>\n\n\n\n<p style=\"border-style:none;border-width:0px\">Le Bistrot Chouette, \u00e0 Jupilles, vous invite \u00e0 d\u00e9couvrir une cuisine de qualit\u00e9, alliant tradition et cr\u00e9ativit\u00e9, dans une ambiance inspir\u00e9e par la for\u00eat de Berc\u00e9.<\/p>\n\n\n\n<p>R\u00e9servez d\u00e8s maintenant par t\u00e9l\u00e9phone !<\/p>\n\n\n\n<p>\u26d4\ufe0f Pour des raisons \u00e9videntes d\u2019hygi\u00e8ne, nous devons garder notre salle cosy, propre et s\u00fbre pour tous nos clients.<\/p>\n\n\n\n<p>\u26d4\ufe0f Donc, merci de garder <a href=\"https:\/\/www.facebook.com\/reel\/813341105009695\">vos compagnons \u00e0 quatre pattes<\/a> dehors\u2026 ou de les emmener en promenade pendant que vous profitez de nos bons petits plats ! <\/p>\n\n\n\n<p>\u26d4\ufe0f On compte sur vous pour respecter cette r\u00e8gle\u2026 et vos amis poilus vous remercieront quand m\u00eame avec des caresses \u00e0 la sortie !<\/p>\n\n\n\n<p style=\"border-width:1px;padding-top:var(--wp--preset--spacing--10);padding-right:var(--wp--preset--spacing--10);padding-bottom:var(--wp--preset--spacing--10);padding-left:var(--wp--preset--spacing--10)\"><a href=\"tel:+33619736512\"><strong>06 19 73 65 12<\/strong><\/a><\/p>\n\n\n\n<p>Suivez-nous pour ne rien manquer :<br>Notre page <a href=\"https:\/\/www.facebook.com\/profile.php?id=100088824242366&amp;sk=about\">Facebook<\/a><br>Notre fiche <a href=\"https:\/\/maps.app.goo.gl\/uQ9HiFgd8QbsY2mQ9?g_st=com.google.maps.preview.copy\">Google<\/a><\/p>\n\n\n\n<p>Nous avons h\u00e2te de vous accueillir pour une exp\u00e9rience m\u00e9morable !<\/p>\n","protected":false},"excerpt":{"rendered":"<p>R\u00e9servez votre table au Bistrot Chouette : Envie de partager un moment gourmand dans un cadre chaleureux ? Le Bistrot Chouette, \u00e0 Jupilles, vous invite \u00e0 d\u00e9couvrir une cuisine de qualit\u00e9, alliant tradition et cr\u00e9ativit\u00e9, dans une ambiance inspir\u00e9e par la for\u00eat de Berc\u00e9. R\u00e9servez d\u00e8s maintenant par t\u00e9l\u00e9phone ! \u26d4\ufe0f Pour des raisons \u00e9videntes [&hellip;]<\/p>\n","protected":false},"author":3,"featured_media":155,"parent":0,"menu_order":0,"comment_status":"closed","ping_status":"closed","template":"","meta":{"footnotes":""},"class_list":["post-9","page","type-page","status-publish","has-post-thumbnail","hentry"],"yoast_head":"<!-- This site is optimized with the Yoast SEO plugin v26.4 - https:\/\/yoast.com\/wordpress\/plugins\/seo\/ -->\n<title>R\u00e9server un bon moment. - Le Bistrot Chouette<\/title>\n<meta name=\"description\" content=\"Le Bistrot Chouette, vous invite pour une cuisine de qualit\u00e9, alliant tradition et cr\u00e9ativit\u00e9, inspir\u00e9e par la for\u00eat de Berc\u00e9.\" \/>\n<meta name=\"robots\" content=\"index, follow, max-snippet:-1, max-image-preview:large, max-video-preview:-1\" \/>\n<link rel=\"canonical\" href=\"https:\/\/lebistrotchouette.fr\/?page_id=9\" \/>\n<meta property=\"og:locale\" content=\"fr_FR\" \/>\n<meta property=\"og:type\" content=\"article\" \/>\n<meta property=\"og:title\" content=\"R\u00e9server un bon moment. - Le Bistrot Chouette\" \/>\n<meta property=\"og:description\" content=\"Le Bistrot Chouette, vous invite pour une cuisine de qualit\u00e9, alliant tradition et cr\u00e9ativit\u00e9, inspir\u00e9e par la for\u00eat de Berc\u00e9.\" \/>\n<meta property=\"og:url\" content=\"https:\/\/lebistrotchouette.fr\/?page_id=9\" \/>\n<meta property=\"og:site_name\" content=\"Le Bistrot Chouette\" \/>\n<meta property=\"article:publisher\" content=\"https:\/\/www.facebook.com\/profile.php?id=100088824242366\" \/>\n<meta property=\"article:modified_time\" content=\"2025-11-24T14:02:39+00:00\" \/>\n<meta property=\"og:image\" content=\"https:\/\/lebistrotchouette.fr\/wp-content\/uploads\/2025\/02\/Capture-decran-2025-02-10-a-18.58.38-1024x731.png\" \/>\n\t<meta property=\"og:image:width\" content=\"1024\" \/>\n\t<meta property=\"og:image:height\" content=\"731\" \/>\n\t<meta property=\"og:image:type\" content=\"image\/png\" \/>\n<meta name=\"twitter:card\" content=\"summary_large_image\" \/>\n<meta name=\"twitter:label1\" content=\"Dur\u00e9e de lecture estim\u00e9e\" \/>\n\t<meta name=\"twitter:data1\" content=\"1 minute\" \/>\n<script type=\"application\/ld+json\" class=\"yoast-schema-graph\">{\"@context\":\"https:\/\/schema.org\",\"@graph\":[{\"@type\":\"WebPage\",\"@id\":\"https:\/\/lebistrotchouette.fr\/?page_id=9\",\"url\":\"https:\/\/lebistrotchouette.fr\/?page_id=9\",\"name\":\"R\u00e9server un bon moment. - Le Bistrot Chouette\",\"isPartOf\":{\"@id\":\"https:\/\/lebistrotchouette.fr\/#website\"},\"primaryImageOfPage\":{\"@id\":\"https:\/\/lebistrotchouette.fr\/?page_id=9#primaryimage\"},\"image\":{\"@id\":\"https:\/\/lebistrotchouette.fr\/?page_id=9#primaryimage\"},\"thumbnailUrl\":\"https:\/\/lebistrotchouette.fr\/wp-content\/uploads\/2025\/02\/Capture-decran-2025-02-10-a-18.58.38.png\",\"datePublished\":\"2025-02-10T09:53:25+00:00\",\"dateModified\":\"2025-11-24T14:02:39+00:00\",\"description\":\"Le Bistrot Chouette, vous invite pour une cuisine de qualit\u00e9, alliant tradition et cr\u00e9ativit\u00e9, inspir\u00e9e par la for\u00eat de Berc\u00e9.\",\"breadcrumb\":{\"@id\":\"https:\/\/lebistrotchouette.fr\/?page_id=9#breadcrumb\"},\"inLanguage\":\"fr-FR\",\"potentialAction\":[{\"@type\":\"ReadAction\",\"target\":[\"https:\/\/lebistrotchouette.fr\/?page_id=9\"]}]},{\"@type\":\"ImageObject\",\"inLanguage\":\"fr-FR\",\"@id\":\"https:\/\/lebistrotchouette.fr\/?page_id=9#primaryimage\",\"url\":\"https:\/\/lebistrotchouette.fr\/wp-content\/uploads\/2025\/02\/Capture-decran-2025-02-10-a-18.58.38.png\",\"contentUrl\":\"https:\/\/lebistrotchouette.fr\/wp-content\/uploads\/2025\/02\/Capture-decran-2025-02-10-a-18.58.38.png\",\"width\":1176,\"height\":840},{\"@type\":\"BreadcrumbList\",\"@id\":\"https:\/\/lebistrotchouette.fr\/?page_id=9#breadcrumb\",\"itemListElement\":[{\"@type\":\"ListItem\",\"position\":1,\"name\":\"Accueil\",\"item\":\"https:\/\/lebistrotchouette.fr\/\"},{\"@type\":\"ListItem\",\"position\":2,\"name\":\"R\u00e9server un bon moment.\"}]},{\"@type\":\"WebSite\",\"@id\":\"https:\/\/lebistrotchouette.fr\/#website\",\"url\":\"https:\/\/lebistrotchouette.fr\/\",\"name\":\"Lebistrotchouette\",\"description\":\"Restaurant \u00e0 Jupilles\",\"publisher\":{\"@id\":\"https:\/\/lebistrotchouette.fr\/#organization\"},\"potentialAction\":[{\"@type\":\"SearchAction\",\"target\":{\"@type\":\"EntryPoint\",\"urlTemplate\":\"https:\/\/lebistrotchouette.fr\/?s={search_term_string}\"},\"query-input\":{\"@type\":\"PropertyValueSpecification\",\"valueRequired\":true,\"valueName\":\"search_term_string\"}}],\"inLanguage\":\"fr-FR\"},{\"@type\":\"Organization\",\"@id\":\"https:\/\/lebistrotchouette.fr\/#organization\",\"name\":\"Lebistrotchouette\",\"url\":\"https:\/\/lebistrotchouette.fr\/\",\"logo\":{\"@type\":\"ImageObject\",\"inLanguage\":\"fr-FR\",\"@id\":\"https:\/\/lebistrotchouette.fr\/#\/schema\/logo\/image\/\",\"url\":\"https:\/\/lebistrotchouette.fr\/wp-content\/uploads\/2025\/02\/02-Logo-Noir-WEB-1.png\",\"contentUrl\":\"https:\/\/lebistrotchouette.fr\/wp-content\/uploads\/2025\/02\/02-Logo-Noir-WEB-1.png\",\"width\":1667,\"height\":1667,\"caption\":\"Lebistrotchouette\"},\"image\":{\"@id\":\"https:\/\/lebistrotchouette.fr\/#\/schema\/logo\/image\/\"},\"sameAs\":[\"https:\/\/www.facebook.com\/profile.php?id=100088824242366\"]}]}<\/script>\n<!-- \/ Yoast SEO plugin. -->","yoast_head_json":{"title":"R\u00e9server un bon moment. - Le Bistrot Chouette","description":"Le Bistrot Chouette, vous invite pour une cuisine de qualit\u00e9, alliant tradition et cr\u00e9ativit\u00e9, inspir\u00e9e par la for\u00eat de Berc\u00e9.","robots":{"index":"index","follow":"follow","max-snippet":"max-snippet:-1","max-image-preview":"max-image-preview:large","max-video-preview":"max-video-preview:-1"},"canonical":"https:\/\/lebistrotchouette.fr\/?page_id=9","og_locale":"fr_FR","og_type":"article","og_title":"R\u00e9server un bon moment. - Le Bistrot Chouette","og_description":"Le Bistrot Chouette, vous invite pour une cuisine de qualit\u00e9, alliant tradition et cr\u00e9ativit\u00e9, inspir\u00e9e par la for\u00eat de Berc\u00e9.","og_url":"https:\/\/lebistrotchouette.fr\/?page_id=9","og_site_name":"Le Bistrot Chouette","article_publisher":"https:\/\/www.facebook.com\/profile.php?id=100088824242366","article_modified_time":"2025-11-24T14:02:39+00:00","og_image":[{"width":1024,"height":731,"url":"https:\/\/lebistrotchouette.fr\/wp-content\/uploads\/2025\/02\/Capture-decran-2025-02-10-a-18.58.38-1024x731.png","type":"image\/png"}],"twitter_card":"summary_large_image","twitter_misc":{"Dur\u00e9e de lecture estim\u00e9e":"1 minute"},"schema":{"@context":"https:\/\/schema.org","@graph":[{"@type":"WebPage","@id":"https:\/\/lebistrotchouette.fr\/?page_id=9","url":"https:\/\/lebistrotchouette.fr\/?page_id=9","name":"R\u00e9server un bon moment. - Le Bistrot Chouette","isPartOf":{"@id":"https:\/\/lebistrotchouette.fr\/#website"},"primaryImageOfPage":{"@id":"https:\/\/lebistrotchouette.fr\/?page_id=9#primaryimage"},"image":{"@id":"https:\/\/lebistrotchouette.fr\/?page_id=9#primaryimage"},"thumbnailUrl":"https:\/\/lebistrotchouette.fr\/wp-content\/uploads\/2025\/02\/Capture-decran-2025-02-10-a-18.58.38.png","datePublished":"2025-02-10T09:53:25+00:00","dateModified":"2025-11-24T14:02:39+00:00","description":"Le Bistrot Chouette, vous invite pour une cuisine de qualit\u00e9, alliant tradition et cr\u00e9ativit\u00e9, inspir\u00e9e par la for\u00eat de Berc\u00e9.","breadcrumb":{"@id":"https:\/\/lebistrotchouette.fr\/?page_id=9#breadcrumb"},"inLanguage":"fr-FR","potentialAction":[{"@type":"ReadAction","target":["https:\/\/lebistrotchouette.fr\/?page_id=9"]}]},{"@type":"ImageObject","inLanguage":"fr-FR","@id":"https:\/\/lebistrotchouette.fr\/?page_id=9#primaryimage","url":"https:\/\/lebistrotchouette.fr\/wp-content\/uploads\/2025\/02\/Capture-decran-2025-02-10-a-18.58.38.png","contentUrl":"https:\/\/lebistrotchouette.fr\/wp-content\/uploads\/2025\/02\/Capture-decran-2025-02-10-a-18.58.38.png","width":1176,"height":840},{"@type":"BreadcrumbList","@id":"https:\/\/lebistrotchouette.fr\/?page_id=9#breadcrumb","itemListElement":[{"@type":"ListItem","position":1,"name":"Accueil","item":"https:\/\/lebistrotchouette.fr\/"},{"@type":"ListItem","position":2,"name":"R\u00e9server un bon moment."}]},{"@type":"WebSite","@id":"https:\/\/lebistrotchouette.fr\/#website","url":"https:\/\/lebistrotchouette.fr\/","name":"Lebistrotchouette","description":"Restaurant \u00e0 Jupilles","publisher":{"@id":"https:\/\/lebistrotchouette.fr\/#organization"},"potentialAction":[{"@type":"SearchAction","target":{"@type":"EntryPoint","urlTemplate":"https:\/\/lebistrotchouette.fr\/?s={search_term_string}"},"query-input":{"@type":"PropertyValueSpecification","valueRequired":true,"valueName":"search_term_string"}}],"inLanguage":"fr-FR"},{"@type":"Organization","@id":"https:\/\/lebistrotchouette.fr\/#organization","name":"Lebistrotchouette","url":"https:\/\/lebistrotchouette.fr\/","logo":{"@type":"ImageObject","inLanguage":"fr-FR","@id":"https:\/\/lebistrotchouette.fr\/#\/schema\/logo\/image\/","url":"https:\/\/lebistrotchouette.fr\/wp-content\/uploads\/2025\/02\/02-Logo-Noir-WEB-1.png","contentUrl":"https:\/\/lebistrotchouette.fr\/wp-content\/uploads\/2025\/02\/02-Logo-Noir-WEB-1.png","width":1667,"height":1667,"caption":"Lebistrotchouette"},"image":{"@id":"https:\/\/lebistrotchouette.fr\/#\/schema\/logo\/image\/"},"sameAs":["https:\/\/www.facebook.com\/profile.php?id=100088824242366"]}]}},"_links":{"self":[{"href":"https:\/\/lebistrotchouette.fr\/index.php?rest_route=\/wp\/v2\/pages\/9","targetHints":{"allow":["GET"]}}],"collection":[{"href":"https:\/\/lebistrotchouette.fr\/index.php?rest_route=\/wp\/v2\/pages"}],"about":[{"href":"https:\/\/lebistrotchouette.fr\/index.php?rest_route=\/wp\/v2\/types\/page"}],"author":[{"embeddable":true,"href":"https:\/\/lebistrotchouette.fr\/index.php?rest_route=\/wp\/v2\/users\/3"}],"replies":[{"embeddable":true,"href":"https:\/\/lebistrotchouette.fr\/index.php?rest_route=%2Fwp%2Fv2%2Fcomments&post=9"}],"version-history":[{"count":12,"href":"https:\/\/lebistrotchouette.fr\/index.php?rest_route=\/wp\/v2\/pages\/9\/revisions"}],"predecessor-version":[{"id":568,"href":"https:\/\/lebistrotchouette.fr\/index.php?rest_route=\/wp\/v2\/pages\/9\/revisions\/568"}],"wp:featuredmedia":[{"embeddable":true,"href":"https:\/\/lebistrotchouette.fr\/index.php?rest_route=\/wp\/v2\/media\/155"}],"wp:attachment":[{"href":"https:\/\/lebistrotchouette.fr\/index.php?rest_route=%2Fwp%2Fv2%2Fmedia&parent=9"}],"curies":[{"name":"wp","href":"https:\/\/api.w.org\/{rel}","templated":true}]}}