{"id":244,"date":"2025-02-11T14:16:10","date_gmt":"2025-02-11T13:16:10","guid":{"rendered":"https:\/\/lebistrotchouette.fr\/?page_id=244"},"modified":"2025-07-23T16:36:37","modified_gmt":"2025-07-23T14:36:37","slug":"le-bar","status":"publish","type":"page","link":"https:\/\/lebistrotchouette.fr\/?page_id=244","title":{"rendered":"L\u00e0 o\u00f9 la chouette trinque !"},"content":{"rendered":"\n<h3 class=\"wp-block-heading\">Une cave \u00e0 vins d\u2019exception<\/h3>\n\n\n\n<p>Amateurs de bons vins, vous \u00eates au bon endroit. Notre cave \u00e0 vins propose plus de 70 r\u00e9f\u00e9rences s\u00e9lectionn\u00e9es avec soin :<\/p>\n\n\n\n<ul class=\"wp-block-list\">\n<li>Des vins locaux (jasni\u00e8res, c\u00f4teaux-du-Loir)<\/li>\n\n\n\n<li>Des rouges profonds et charpent\u00e9s<\/li>\n\n\n\n<li>Des blancs \u00e9l\u00e9gants et rafra\u00eechissants<\/li>\n\n\n\n<li>Des bulles festives et m\u00eame du champagne<\/li>\n<\/ul>\n\n\n\n<p>Il y en a pour tous les go\u00fbts et toutes les occasions, \u00e0 des prix accessibles, avec quelques p\u00e9pites pour les connaisseurs.<\/p>\n\n\n\n<h3 class=\"wp-block-heading\">Cocktails, bi\u00e8res &amp; spiritueux<\/h3>\n\n\n\n<p>En plus de notre belle s\u00e9lection de vins, nous vous proposons :<\/p>\n\n\n\n<ul class=\"wp-block-list\">\n<li>Des cocktails classiques et cr\u00e9ations maison<\/li>\n\n\n\n<li>Des bi\u00e8res locales et artisanales<\/li>\n\n\n\n<li>Une s\u00e9lection de spiritueux pour les amateurs de whisky, rhum ou gin<\/li>\n<\/ul>\n\n\n\n<h3 class=\"wp-block-heading\">Nos horaires du bar<\/h3>\n\n\n\n<ul class=\"wp-block-list\">\n<li><strong>Lundi &amp; Mardi<\/strong>&nbsp;: Ferm\u00e9<\/li>\n\n\n\n<li><strong>Mercredi &amp; Jeudi<\/strong>&nbsp;: 10h00 &#8211; 18h00 (caf\u00e9, verre en terrasse ou ap\u00e9ro d\u00e9tente)<\/li>\n\n\n\n<li><strong>Vendredi &amp; Samedi<\/strong>&nbsp;: 10h00 &#8211; 00h00 (soir\u00e9es anim\u00e9es, cocktails et bonne humeur)<\/li>\n\n\n\n<li><strong>Dimanche<\/strong>&nbsp;: 09h00 &#8211; 16h00 (verre en terrasse, brunch et bulles pour finir le week-end)<\/li>\n<\/ul>\n\n\n\n<h3 class=\"wp-block-heading\">Une ambiance conviviale<\/h3>\n\n\n\n<p>Que vous veniez pour un verre en solo, un ap\u00e9ro entre amis ou un afterwork, le bar du Bistrot Chouette est le spot id\u00e9al pour se d\u00e9tendre et profiter. <\/p>\n\n\n\n<p>Musique, bonne humeur et bons breuvages garantis.<\/p>\n\n\n\n<p>Venez trinquer avec nous et passer une chouette soir\u00e9e !<\/p>\n\n\n\n<p><\/p>\n\n\n\n<p><strong>L&rsquo;abus d&rsquo;alcool est dangereux pour la sant\u00e9, \u00e0 consommer avec mod\u00e9ration.<\/strong><\/p>\n","protected":false},"excerpt":{"rendered":"<p>Une cave \u00e0 vins d\u2019exception Amateurs de bons vins, vous \u00eates au bon endroit. Notre cave \u00e0 vins propose plus de 70 r\u00e9f\u00e9rences s\u00e9lectionn\u00e9es avec soin : Il y en a pour tous les go\u00fbts et toutes les occasions, \u00e0 des prix accessibles, avec quelques p\u00e9pites pour les connaisseurs. Cocktails, bi\u00e8res &amp; spiritueux En plus [&hellip;]<\/p>\n","protected":false},"author":3,"featured_media":245,"parent":0,"menu_order":0,"comment_status":"closed","ping_status":"closed","template":"","meta":{"footnotes":""},"class_list":["post-244","page","type-page","status-publish","has-post-thumbnail","hentry"],"yoast_head":"<!-- This site is optimized with the Yoast SEO plugin v26.4 - https:\/\/yoast.com\/wordpress\/plugins\/seo\/ -->\n<title>L\u00e0 o\u00f9 la chouette trinque ! - Le Bistrot Chouette - Au plaisir de vous accueillir \u00e0 Jupilles<\/title>\n<meta name=\"description\" content=\"Amateurs de bons vins du loir, vous \u00eates au bon endroit. Notre cave \u00e0 vins propose plus de 70 r\u00e9f\u00e9rences s\u00e9lectionn\u00e9es avec soin !\" \/>\n<meta name=\"robots\" content=\"index, follow, max-snippet:-1, max-image-preview:large, max-video-preview:-1\" \/>\n<link rel=\"canonical\" href=\"https:\/\/lebistrotchouette.fr\/?page_id=244\" \/>\n<meta property=\"og:locale\" content=\"fr_FR\" \/>\n<meta property=\"og:type\" content=\"article\" \/>\n<meta property=\"og:title\" content=\"L\u00e0 o\u00f9 la chouette trinque ! - Le Bistrot Chouette - Au plaisir de vous accueillir \u00e0 Jupilles\" \/>\n<meta property=\"og:description\" content=\"Amateurs de bons vins du loir, vous \u00eates au bon endroit. Notre cave \u00e0 vins propose plus de 70 r\u00e9f\u00e9rences s\u00e9lectionn\u00e9es avec soin !\" \/>\n<meta property=\"og:url\" content=\"https:\/\/lebistrotchouette.fr\/?page_id=244\" \/>\n<meta property=\"og:site_name\" content=\"Le Bistrot Chouette\" \/>\n<meta property=\"article:publisher\" content=\"https:\/\/www.facebook.com\/profile.php?id=100088824242366\" \/>\n<meta property=\"article:modified_time\" content=\"2025-07-23T14:36:37+00:00\" \/>\n<meta property=\"og:image\" content=\"https:\/\/lebistrotchouette.fr\/wp-content\/uploads\/2025\/02\/Capture-decran-2025-02-11-a-14.12.32-1024x644.png\" \/>\n\t<meta property=\"og:image:width\" content=\"1024\" \/>\n\t<meta property=\"og:image:height\" content=\"644\" \/>\n\t<meta property=\"og:image:type\" content=\"image\/png\" \/>\n<meta name=\"twitter:card\" content=\"summary_large_image\" \/>\n<meta name=\"twitter:label1\" content=\"Dur\u00e9e de lecture estim\u00e9e\" \/>\n\t<meta name=\"twitter:data1\" content=\"2 minutes\" \/>\n<script type=\"application\/ld+json\" class=\"yoast-schema-graph\">{\"@context\":\"https:\/\/schema.org\",\"@graph\":[{\"@type\":\"WebPage\",\"@id\":\"https:\/\/lebistrotchouette.fr\/?page_id=244\",\"url\":\"https:\/\/lebistrotchouette.fr\/?page_id=244\",\"name\":\"L\u00e0 o\u00f9 la chouette trinque ! - Le Bistrot Chouette - Au plaisir de vous accueillir \u00e0 Jupilles\",\"isPartOf\":{\"@id\":\"https:\/\/lebistrotchouette.fr\/#website\"},\"primaryImageOfPage\":{\"@id\":\"https:\/\/lebistrotchouette.fr\/?page_id=244#primaryimage\"},\"image\":{\"@id\":\"https:\/\/lebistrotchouette.fr\/?page_id=244#primaryimage\"},\"thumbnailUrl\":\"https:\/\/lebistrotchouette.fr\/wp-content\/uploads\/2025\/02\/Capture-decran-2025-02-11-a-14.12.32.png\",\"datePublished\":\"2025-02-11T13:16:10+00:00\",\"dateModified\":\"2025-07-23T14:36:37+00:00\",\"description\":\"Amateurs de bons vins du loir, vous \u00eates au bon endroit. Notre cave \u00e0 vins propose plus de 70 r\u00e9f\u00e9rences s\u00e9lectionn\u00e9es avec soin !\",\"breadcrumb\":{\"@id\":\"https:\/\/lebistrotchouette.fr\/?page_id=244#breadcrumb\"},\"inLanguage\":\"fr-FR\",\"potentialAction\":[{\"@type\":\"ReadAction\",\"target\":[\"https:\/\/lebistrotchouette.fr\/?page_id=244\"]}]},{\"@type\":\"ImageObject\",\"inLanguage\":\"fr-FR\",\"@id\":\"https:\/\/lebistrotchouette.fr\/?page_id=244#primaryimage\",\"url\":\"https:\/\/lebistrotchouette.fr\/wp-content\/uploads\/2025\/02\/Capture-decran-2025-02-11-a-14.12.32.png\",\"contentUrl\":\"https:\/\/lebistrotchouette.fr\/wp-content\/uploads\/2025\/02\/Capture-decran-2025-02-11-a-14.12.32.png\",\"width\":2092,\"height\":1316},{\"@type\":\"BreadcrumbList\",\"@id\":\"https:\/\/lebistrotchouette.fr\/?page_id=244#breadcrumb\",\"itemListElement\":[{\"@type\":\"ListItem\",\"position\":1,\"name\":\"Accueil\",\"item\":\"https:\/\/lebistrotchouette.fr\/\"},{\"@type\":\"ListItem\",\"position\":2,\"name\":\"L\u00e0 o\u00f9 la chouette trinque !\"}]},{\"@type\":\"WebSite\",\"@id\":\"https:\/\/lebistrotchouette.fr\/#website\",\"url\":\"https:\/\/lebistrotchouette.fr\/\",\"name\":\"Lebistrotchouette\",\"description\":\"Restaurant \u00e0 Jupilles\",\"publisher\":{\"@id\":\"https:\/\/lebistrotchouette.fr\/#organization\"},\"potentialAction\":[{\"@type\":\"SearchAction\",\"target\":{\"@type\":\"EntryPoint\",\"urlTemplate\":\"https:\/\/lebistrotchouette.fr\/?s={search_term_string}\"},\"query-input\":{\"@type\":\"PropertyValueSpecification\",\"valueRequired\":true,\"valueName\":\"search_term_string\"}}],\"inLanguage\":\"fr-FR\"},{\"@type\":\"Organization\",\"@id\":\"https:\/\/lebistrotchouette.fr\/#organization\",\"name\":\"Lebistrotchouette\",\"url\":\"https:\/\/lebistrotchouette.fr\/\",\"logo\":{\"@type\":\"ImageObject\",\"inLanguage\":\"fr-FR\",\"@id\":\"https:\/\/lebistrotchouette.fr\/#\/schema\/logo\/image\/\",\"url\":\"https:\/\/lebistrotchouette.fr\/wp-content\/uploads\/2025\/02\/02-Logo-Noir-WEB-1.png\",\"contentUrl\":\"https:\/\/lebistrotchouette.fr\/wp-content\/uploads\/2025\/02\/02-Logo-Noir-WEB-1.png\",\"width\":1667,\"height\":1667,\"caption\":\"Lebistrotchouette\"},\"image\":{\"@id\":\"https:\/\/lebistrotchouette.fr\/#\/schema\/logo\/image\/\"},\"sameAs\":[\"https:\/\/www.facebook.com\/profile.php?id=100088824242366\"]}]}<\/script>\n<!-- \/ Yoast SEO plugin. -->","yoast_head_json":{"title":"L\u00e0 o\u00f9 la chouette trinque ! - Le Bistrot Chouette - Au plaisir de vous accueillir \u00e0 Jupilles","description":"Amateurs de bons vins du loir, vous \u00eates au bon endroit. Notre cave \u00e0 vins propose plus de 70 r\u00e9f\u00e9rences s\u00e9lectionn\u00e9es avec soin !","robots":{"index":"index","follow":"follow","max-snippet":"max-snippet:-1","max-image-preview":"max-image-preview:large","max-video-preview":"max-video-preview:-1"},"canonical":"https:\/\/lebistrotchouette.fr\/?page_id=244","og_locale":"fr_FR","og_type":"article","og_title":"L\u00e0 o\u00f9 la chouette trinque ! - Le Bistrot Chouette - Au plaisir de vous accueillir \u00e0 Jupilles","og_description":"Amateurs de bons vins du loir, vous \u00eates au bon endroit. Notre cave \u00e0 vins propose plus de 70 r\u00e9f\u00e9rences s\u00e9lectionn\u00e9es avec soin !","og_url":"https:\/\/lebistrotchouette.fr\/?page_id=244","og_site_name":"Le Bistrot Chouette","article_publisher":"https:\/\/www.facebook.com\/profile.php?id=100088824242366","article_modified_time":"2025-07-23T14:36:37+00:00","og_image":[{"width":1024,"height":644,"url":"https:\/\/lebistrotchouette.fr\/wp-content\/uploads\/2025\/02\/Capture-decran-2025-02-11-a-14.12.32-1024x644.png","type":"image\/png"}],"twitter_card":"summary_large_image","twitter_misc":{"Dur\u00e9e de lecture estim\u00e9e":"2 minutes"},"schema":{"@context":"https:\/\/schema.org","@graph":[{"@type":"WebPage","@id":"https:\/\/lebistrotchouette.fr\/?page_id=244","url":"https:\/\/lebistrotchouette.fr\/?page_id=244","name":"L\u00e0 o\u00f9 la chouette trinque ! - Le Bistrot Chouette - Au plaisir de vous accueillir \u00e0 Jupilles","isPartOf":{"@id":"https:\/\/lebistrotchouette.fr\/#website"},"primaryImageOfPage":{"@id":"https:\/\/lebistrotchouette.fr\/?page_id=244#primaryimage"},"image":{"@id":"https:\/\/lebistrotchouette.fr\/?page_id=244#primaryimage"},"thumbnailUrl":"https:\/\/lebistrotchouette.fr\/wp-content\/uploads\/2025\/02\/Capture-decran-2025-02-11-a-14.12.32.png","datePublished":"2025-02-11T13:16:10+00:00","dateModified":"2025-07-23T14:36:37+00:00","description":"Amateurs de bons vins du loir, vous \u00eates au bon endroit. Notre cave \u00e0 vins propose plus de 70 r\u00e9f\u00e9rences s\u00e9lectionn\u00e9es avec soin !","breadcrumb":{"@id":"https:\/\/lebistrotchouette.fr\/?page_id=244#breadcrumb"},"inLanguage":"fr-FR","potentialAction":[{"@type":"ReadAction","target":["https:\/\/lebistrotchouette.fr\/?page_id=244"]}]},{"@type":"ImageObject","inLanguage":"fr-FR","@id":"https:\/\/lebistrotchouette.fr\/?page_id=244#primaryimage","url":"https:\/\/lebistrotchouette.fr\/wp-content\/uploads\/2025\/02\/Capture-decran-2025-02-11-a-14.12.32.png","contentUrl":"https:\/\/lebistrotchouette.fr\/wp-content\/uploads\/2025\/02\/Capture-decran-2025-02-11-a-14.12.32.png","width":2092,"height":1316},{"@type":"BreadcrumbList","@id":"https:\/\/lebistrotchouette.fr\/?page_id=244#breadcrumb","itemListElement":[{"@type":"ListItem","position":1,"name":"Accueil","item":"https:\/\/lebistrotchouette.fr\/"},{"@type":"ListItem","position":2,"name":"L\u00e0 o\u00f9 la chouette trinque !"}]},{"@type":"WebSite","@id":"https:\/\/lebistrotchouette.fr\/#website","url":"https:\/\/lebistrotchouette.fr\/","name":"Lebistrotchouette","description":"Restaurant \u00e0 Jupilles","publisher":{"@id":"https:\/\/lebistrotchouette.fr\/#organization"},"potentialAction":[{"@type":"SearchAction","target":{"@type":"EntryPoint","urlTemplate":"https:\/\/lebistrotchouette.fr\/?s={search_term_string}"},"query-input":{"@type":"PropertyValueSpecification","valueRequired":true,"valueName":"search_term_string"}}],"inLanguage":"fr-FR"},{"@type":"Organization","@id":"https:\/\/lebistrotchouette.fr\/#organization","name":"Lebistrotchouette","url":"https:\/\/lebistrotchouette.fr\/","logo":{"@type":"ImageObject","inLanguage":"fr-FR","@id":"https:\/\/lebistrotchouette.fr\/#\/schema\/logo\/image\/","url":"https:\/\/lebistrotchouette.fr\/wp-content\/uploads\/2025\/02\/02-Logo-Noir-WEB-1.png","contentUrl":"https:\/\/lebistrotchouette.fr\/wp-content\/uploads\/2025\/02\/02-Logo-Noir-WEB-1.png","width":1667,"height":1667,"caption":"Lebistrotchouette"},"image":{"@id":"https:\/\/lebistrotchouette.fr\/#\/schema\/logo\/image\/"},"sameAs":["https:\/\/www.facebook.com\/profile.php?id=100088824242366"]}]}},"_links":{"self":[{"href":"https:\/\/lebistrotchouette.fr\/index.php?rest_route=\/wp\/v2\/pages\/244","targetHints":{"allow":["GET"]}}],"collection":[{"href":"https:\/\/lebistrotchouette.fr\/index.php?rest_route=\/wp\/v2\/pages"}],"about":[{"href":"https:\/\/lebistrotchouette.fr\/index.php?rest_route=\/wp\/v2\/types\/page"}],"author":[{"embeddable":true,"href":"https:\/\/lebistrotchouette.fr\/index.php?rest_route=\/wp\/v2\/users\/3"}],"replies":[{"embeddable":true,"href":"https:\/\/lebistrotchouette.fr\/index.php?rest_route=%2Fwp%2Fv2%2Fcomments&post=244"}],"version-history":[{"count":4,"href":"https:\/\/lebistrotchouette.fr\/index.php?rest_route=\/wp\/v2\/pages\/244\/revisions"}],"predecessor-version":[{"id":257,"href":"https:\/\/lebistrotchouette.fr\/index.php?rest_route=\/wp\/v2\/pages\/244\/revisions\/257"}],"wp:featuredmedia":[{"embeddable":true,"href":"https:\/\/lebistrotchouette.fr\/index.php?rest_route=\/wp\/v2\/media\/245"}],"wp:attachment":[{"href":"https:\/\/lebistrotchouette.fr\/index.php?rest_route=%2Fwp%2Fv2%2Fmedia&parent=244"}],"curies":[{"name":"wp","href":"https:\/\/api.w.org\/{rel}","templated":true}]}}